{"id":1356,"date":"2023-09-26T12:11:28","date_gmt":"2023-09-26T09:11:28","guid":{"rendered":"https:\/\/gmb14215-new.testdev.mozaik.com\/page-daccueil\/"},"modified":"2025-07-22T15:40:36","modified_gmt":"2025-07-22T12:40:36","slug":"page-daccueil","status":"publish","type":"page","link":"https:\/\/gmb14215-new.testdev.mozaik.com\/fr\/","title":{"rendered":"Page d&rsquo;accueil"},"content":{"rendered":"","protected":false},"excerpt":{"rendered":"","protected":false},"author":1,"featured_media":0,"parent":0,"menu_order":5,"comment_status":"closed","ping_status":"closed","template":"templates\/pagebuilder.php","meta":{"_acf_changed":false,"inline_featured_image":false,"footnotes":""},"class_list":["post-1356","page","type-page","status-publish","hentry"],"acf":[],"yoast_head":"<!-- This site is optimized with the Yoast SEO plugin v24.8.1 - https:\/\/yoast.com\/wordpress\/plugins\/seo\/ -->\n<title>H\u00f4tel de luxe \u00e0 Milos | Golden Milos Beach House<\/title>\n<meta name=\"description\" content=\"Profitez d&#039;une escapade luxueuse au bord de la mer avec des chambres chics, une cuisine gastronomique et un acc\u00e8s priv\u00e9 \u00e0 la plage, \u00e0 quelques pas de la plage de Provatas, au Golden Milos Beach House.\" \/>\n<meta name=\"robots\" content=\"noindex, follow, max-snippet:-1, max-image-preview:large, max-video-preview:-1\" \/>\n<meta property=\"og:locale\" content=\"fr_FR\" \/>\n<meta property=\"og:type\" content=\"article\" \/>\n<meta property=\"og:title\" content=\"H\u00f4tel de luxe \u00e0 Milos | Golden Milos Beach House\" \/>\n<meta property=\"og:description\" content=\"Profitez d&#039;une escapade luxueuse au bord de la mer avec des chambres chics, une cuisine gastronomique et un acc\u00e8s priv\u00e9 \u00e0 la plage, \u00e0 quelques pas de la plage de Provatas, au Golden Milos Beach House.\" \/>\n<meta property=\"og:url\" content=\"https:\/\/gmb14215-new.testdev.mozaik.com\/fr\/\" \/>\n<meta property=\"og:site_name\" content=\"Golden Milos Beach House\" \/>\n<meta property=\"article:modified_time\" content=\"2025-07-22T12:40:36+00:00\" \/>\n<meta property=\"og:image\" content=\"https:\/\/gmb14215-new.testdev.mozaik.com\/wp-content\/uploads\/2025\/04\/the-beach-3.jpg\" \/>\n\t<meta property=\"og:image:width\" content=\"1200\" \/>\n\t<meta property=\"og:image:height\" content=\"675\" \/>\n\t<meta property=\"og:image:type\" content=\"image\/jpeg\" \/>\n<meta name=\"twitter:card\" content=\"summary_large_image\" \/>\n<script type=\"application\/ld+json\" class=\"yoast-schema-graph\">{\"@context\":\"https:\/\/schema.org\",\"@graph\":[{\"@type\":\"WebPage\",\"@id\":\"https:\/\/gmb14215-new.testdev.mozaik.com\/fr\/\",\"url\":\"https:\/\/gmb14215-new.testdev.mozaik.com\/fr\/\",\"name\":\"H\u00f4tel de luxe \u00e0 Milos | Golden Milos Beach House\",\"isPartOf\":{\"@id\":\"https:\/\/gmb14215-new.testdev.mozaik.com\/fr\/#website\"},\"datePublished\":\"2023-09-26T09:11:28+00:00\",\"dateModified\":\"2025-07-22T12:40:36+00:00\",\"description\":\"Profitez d'une escapade luxueuse au bord de la mer avec des chambres chics, une cuisine gastronomique et un acc\u00e8s priv\u00e9 \u00e0 la plage, \u00e0 quelques pas de la plage de Provatas, au Golden Milos Beach House.\",\"breadcrumb\":{\"@id\":\"https:\/\/gmb14215-new.testdev.mozaik.com\/fr\/#breadcrumb\"},\"inLanguage\":\"fr-FR\",\"potentialAction\":[{\"@type\":\"ReadAction\",\"target\":[\"https:\/\/gmb14215-new.testdev.mozaik.com\/fr\/\"]}]},{\"@type\":\"BreadcrumbList\",\"@id\":\"https:\/\/gmb14215-new.testdev.mozaik.com\/fr\/#breadcrumb\",\"itemListElement\":[{\"@type\":\"ListItem\",\"position\":1,\"name\":\"Home\",\"item\":\"https:\/\/gmb14215-new.testdev.mozaik.com\/fr\/page-daccueil\/\"},{\"@type\":\"ListItem\",\"position\":2,\"name\":\"Page d&rsquo;accueil\"}]},{\"@type\":\"WebSite\",\"@id\":\"https:\/\/gmb14215-new.testdev.mozaik.com\/fr\/#website\",\"url\":\"https:\/\/gmb14215-new.testdev.mozaik.com\/fr\/\",\"name\":\"Golden Milos Beach House\",\"description\":\"\",\"publisher\":{\"@id\":\"https:\/\/gmb14215-new.testdev.mozaik.com\/fr\/#organization\"},\"potentialAction\":[{\"@type\":\"SearchAction\",\"target\":{\"@type\":\"EntryPoint\",\"urlTemplate\":\"https:\/\/gmb14215-new.testdev.mozaik.com\/fr\/?s={search_term_string}\"},\"query-input\":{\"@type\":\"PropertyValueSpecification\",\"valueRequired\":true,\"valueName\":\"search_term_string\"}}],\"inLanguage\":\"fr-FR\"},{\"@type\":\"Organization\",\"@id\":\"https:\/\/gmb14215-new.testdev.mozaik.com\/fr\/#organization\",\"name\":\"Golden Milos Beach House\",\"url\":\"https:\/\/gmb14215-new.testdev.mozaik.com\/fr\/\",\"logo\":{\"@type\":\"ImageObject\",\"inLanguage\":\"fr-FR\",\"@id\":\"https:\/\/gmb14215-new.testdev.mozaik.com\/fr\/#\/schema\/logo\/image\/\",\"url\":\"https:\/\/gmb14215-new.testdev.mozaik.com\/wp-content\/uploads\/2023\/10\/pin-svg.svg\",\"contentUrl\":\"https:\/\/gmb14215-new.testdev.mozaik.com\/wp-content\/uploads\/2023\/10\/pin-svg.svg\",\"width\":512,\"height\":512,\"caption\":\"Golden Milos Beach House\"},\"image\":{\"@id\":\"https:\/\/gmb14215-new.testdev.mozaik.com\/fr\/#\/schema\/logo\/image\/\"}}]}<\/script>\n<!-- \/ Yoast SEO plugin. -->","yoast_head_json":{"title":"H\u00f4tel de luxe \u00e0 Milos | Golden Milos Beach House","description":"Profitez d'une escapade luxueuse au bord de la mer avec des chambres chics, une cuisine gastronomique et un acc\u00e8s priv\u00e9 \u00e0 la plage, \u00e0 quelques pas de la plage de Provatas, au Golden Milos Beach House.","robots":{"index":"noindex","follow":"follow","max-snippet":"max-snippet:-1","max-image-preview":"max-image-preview:large","max-video-preview":"max-video-preview:-1"},"og_locale":"fr_FR","og_type":"article","og_title":"H\u00f4tel de luxe \u00e0 Milos | Golden Milos Beach House","og_description":"Profitez d'une escapade luxueuse au bord de la mer avec des chambres chics, une cuisine gastronomique et un acc\u00e8s priv\u00e9 \u00e0 la plage, \u00e0 quelques pas de la plage de Provatas, au Golden Milos Beach House.","og_url":"https:\/\/gmb14215-new.testdev.mozaik.com\/fr\/","og_site_name":"Golden Milos Beach House","article_modified_time":"2025-07-22T12:40:36+00:00","og_image":[{"width":1200,"height":675,"url":"https:\/\/gmb14215-new.testdev.mozaik.com\/wp-content\/uploads\/2025\/04\/the-beach-3.jpg","type":"image\/jpeg"}],"twitter_card":"summary_large_image","schema":{"@context":"https:\/\/schema.org","@graph":[{"@type":"WebPage","@id":"https:\/\/gmb14215-new.testdev.mozaik.com\/fr\/","url":"https:\/\/gmb14215-new.testdev.mozaik.com\/fr\/","name":"H\u00f4tel de luxe \u00e0 Milos | Golden Milos Beach House","isPartOf":{"@id":"https:\/\/gmb14215-new.testdev.mozaik.com\/fr\/#website"},"datePublished":"2023-09-26T09:11:28+00:00","dateModified":"2025-07-22T12:40:36+00:00","description":"Profitez d'une escapade luxueuse au bord de la mer avec des chambres chics, une cuisine gastronomique et un acc\u00e8s priv\u00e9 \u00e0 la plage, \u00e0 quelques pas de la plage de Provatas, au Golden Milos Beach House.","breadcrumb":{"@id":"https:\/\/gmb14215-new.testdev.mozaik.com\/fr\/#breadcrumb"},"inLanguage":"fr-FR","potentialAction":[{"@type":"ReadAction","target":["https:\/\/gmb14215-new.testdev.mozaik.com\/fr\/"]}]},{"@type":"BreadcrumbList","@id":"https:\/\/gmb14215-new.testdev.mozaik.com\/fr\/#breadcrumb","itemListElement":[{"@type":"ListItem","position":1,"name":"Home","item":"https:\/\/gmb14215-new.testdev.mozaik.com\/fr\/page-daccueil\/"},{"@type":"ListItem","position":2,"name":"Page d&rsquo;accueil"}]},{"@type":"WebSite","@id":"https:\/\/gmb14215-new.testdev.mozaik.com\/fr\/#website","url":"https:\/\/gmb14215-new.testdev.mozaik.com\/fr\/","name":"Golden Milos Beach House","description":"","publisher":{"@id":"https:\/\/gmb14215-new.testdev.mozaik.com\/fr\/#organization"},"potentialAction":[{"@type":"SearchAction","target":{"@type":"EntryPoint","urlTemplate":"https:\/\/gmb14215-new.testdev.mozaik.com\/fr\/?s={search_term_string}"},"query-input":{"@type":"PropertyValueSpecification","valueRequired":true,"valueName":"search_term_string"}}],"inLanguage":"fr-FR"},{"@type":"Organization","@id":"https:\/\/gmb14215-new.testdev.mozaik.com\/fr\/#organization","name":"Golden Milos Beach House","url":"https:\/\/gmb14215-new.testdev.mozaik.com\/fr\/","logo":{"@type":"ImageObject","inLanguage":"fr-FR","@id":"https:\/\/gmb14215-new.testdev.mozaik.com\/fr\/#\/schema\/logo\/image\/","url":"https:\/\/gmb14215-new.testdev.mozaik.com\/wp-content\/uploads\/2023\/10\/pin-svg.svg","contentUrl":"https:\/\/gmb14215-new.testdev.mozaik.com\/wp-content\/uploads\/2023\/10\/pin-svg.svg","width":512,"height":512,"caption":"Golden Milos Beach House"},"image":{"@id":"https:\/\/gmb14215-new.testdev.mozaik.com\/fr\/#\/schema\/logo\/image\/"}}]}},"_links":{"self":[{"href":"https:\/\/gmb14215-new.testdev.mozaik.com\/fr\/wp-json\/wp\/v2\/pages\/1356","targetHints":{"allow":["GET"]}}],"collection":[{"href":"https:\/\/gmb14215-new.testdev.mozaik.com\/fr\/wp-json\/wp\/v2\/pages"}],"about":[{"href":"https:\/\/gmb14215-new.testdev.mozaik.com\/fr\/wp-json\/wp\/v2\/types\/page"}],"author":[{"embeddable":true,"href":"https:\/\/gmb14215-new.testdev.mozaik.com\/fr\/wp-json\/wp\/v2\/users\/1"}],"replies":[{"embeddable":true,"href":"https:\/\/gmb14215-new.testdev.mozaik.com\/fr\/wp-json\/wp\/v2\/comments?post=1356"}],"version-history":[{"count":1,"href":"https:\/\/gmb14215-new.testdev.mozaik.com\/fr\/wp-json\/wp\/v2\/pages\/1356\/revisions"}],"predecessor-version":[{"id":1364,"href":"https:\/\/gmb14215-new.testdev.mozaik.com\/fr\/wp-json\/wp\/v2\/pages\/1356\/revisions\/1364"}],"wp:attachment":[{"href":"https:\/\/gmb14215-new.testdev.mozaik.com\/fr\/wp-json\/wp\/v2\/media?parent=1356"}],"curies":[{"name":"wp","href":"https:\/\/api.w.org\/{rel}","templated":true}]}}