{"id":1573,"date":"2025-03-13T14:56:18","date_gmt":"2025-03-13T12:56:18","guid":{"rendered":"https:\/\/gmb14215-new.testdev.mozaik.com\/wellness-i-dozivljaji\/"},"modified":"2025-03-13T14:56:18","modified_gmt":"2025-03-13T12:56:18","slug":"wellness-i-dozivljaji","status":"publish","type":"page","link":"https:\/\/gmb14215-new.testdev.mozaik.com\/hr\/wellness-i-dozivljaji\/","title":{"rendered":"Wellness i do\u017eivljaji"},"content":{"rendered":"","protected":false},"excerpt":{"rendered":"","protected":false},"author":1,"featured_media":0,"parent":0,"menu_order":18,"comment_status":"closed","ping_status":"closed","template":"templates\/pagebuilder.php","meta":{"_acf_changed":false,"inline_featured_image":false,"footnotes":""},"class_list":["post-1573","page","type-page","status-publish","hentry"],"acf":[],"yoast_head":"<!-- This site is optimized with the Yoast SEO plugin v24.8.1 - https:\/\/yoast.com\/wordpress\/plugins\/seo\/ -->\n<title>Wellness i do\u017eivljaji | Golden Milos Beach House<\/title>\n<meta name=\"description\" content=\"Prona\u0111ite svoj unutarnji mir uz jutarnje i ve\u010dernje satove joge, smje\u0161tene nasuprot zadivljuju\u0107e pozadine Egejskog mora.\" \/>\n<meta name=\"robots\" content=\"noindex, follow, max-snippet:-1, max-image-preview:large, max-video-preview:-1\" \/>\n<meta property=\"og:locale\" content=\"hr_HR\" \/>\n<meta property=\"og:type\" content=\"article\" \/>\n<meta property=\"og:title\" content=\"Wellness i do\u017eivljaji | Golden Milos Beach House\" \/>\n<meta property=\"og:description\" content=\"Prona\u0111ite svoj unutarnji mir uz jutarnje i ve\u010dernje satove joge, smje\u0161tene nasuprot zadivljuju\u0107e pozadine Egejskog mora.\" \/>\n<meta property=\"og:url\" content=\"https:\/\/gmb14215-new.testdev.mozaik.com\/hr\/wellness-i-dozivljaji\/\" \/>\n<meta property=\"og:site_name\" content=\"Golden Milos Beach House\" \/>\n<meta property=\"og:image\" content=\"https:\/\/gmb14215-new.testdev.mozaik.com\/wp-content\/uploads\/2025\/04\/the-beach-3.jpg\" \/>\n\t<meta property=\"og:image:width\" content=\"1200\" \/>\n\t<meta property=\"og:image:height\" content=\"675\" \/>\n\t<meta property=\"og:image:type\" content=\"image\/jpeg\" \/>\n<meta name=\"twitter:card\" content=\"summary_large_image\" \/>\n<script type=\"application\/ld+json\" class=\"yoast-schema-graph\">{\"@context\":\"https:\/\/schema.org\",\"@graph\":[{\"@type\":\"WebPage\",\"@id\":\"https:\/\/gmb14215-new.testdev.mozaik.com\/hr\/wellness-i-dozivljaji\/\",\"url\":\"https:\/\/gmb14215-new.testdev.mozaik.com\/hr\/wellness-i-dozivljaji\/\",\"name\":\"Wellness i do\u017eivljaji | Golden Milos Beach House\",\"isPartOf\":{\"@id\":\"https:\/\/gmb14215-new.testdev.mozaik.com\/hr\/#website\"},\"datePublished\":\"2025-03-13T12:56:18+00:00\",\"description\":\"Prona\u0111ite svoj unutarnji mir uz jutarnje i ve\u010dernje satove joge, smje\u0161tene nasuprot zadivljuju\u0107e pozadine Egejskog mora.\",\"breadcrumb\":{\"@id\":\"https:\/\/gmb14215-new.testdev.mozaik.com\/hr\/wellness-i-dozivljaji\/#breadcrumb\"},\"inLanguage\":\"hr\",\"potentialAction\":[{\"@type\":\"ReadAction\",\"target\":[\"https:\/\/gmb14215-new.testdev.mozaik.com\/hr\/wellness-i-dozivljaji\/\"]}]},{\"@type\":\"BreadcrumbList\",\"@id\":\"https:\/\/gmb14215-new.testdev.mozaik.com\/hr\/wellness-i-dozivljaji\/#breadcrumb\",\"itemListElement\":[{\"@type\":\"ListItem\",\"position\":1,\"name\":\"Home\",\"item\":\"https:\/\/gmb14215-new.testdev.mozaik.com\/hr\/pocetna-stranica\/\"},{\"@type\":\"ListItem\",\"position\":2,\"name\":\"Wellness i do\u017eivljaji\"}]},{\"@type\":\"WebSite\",\"@id\":\"https:\/\/gmb14215-new.testdev.mozaik.com\/hr\/#website\",\"url\":\"https:\/\/gmb14215-new.testdev.mozaik.com\/hr\/\",\"name\":\"Golden Milos Beach House\",\"description\":\"\",\"publisher\":{\"@id\":\"https:\/\/gmb14215-new.testdev.mozaik.com\/hr\/#organization\"},\"potentialAction\":[{\"@type\":\"SearchAction\",\"target\":{\"@type\":\"EntryPoint\",\"urlTemplate\":\"https:\/\/gmb14215-new.testdev.mozaik.com\/hr\/?s={search_term_string}\"},\"query-input\":{\"@type\":\"PropertyValueSpecification\",\"valueRequired\":true,\"valueName\":\"search_term_string\"}}],\"inLanguage\":\"hr\"},{\"@type\":\"Organization\",\"@id\":\"https:\/\/gmb14215-new.testdev.mozaik.com\/hr\/#organization\",\"name\":\"Golden Milos Beach House\",\"url\":\"https:\/\/gmb14215-new.testdev.mozaik.com\/hr\/\",\"logo\":{\"@type\":\"ImageObject\",\"inLanguage\":\"hr\",\"@id\":\"https:\/\/gmb14215-new.testdev.mozaik.com\/hr\/#\/schema\/logo\/image\/\",\"url\":\"https:\/\/gmb14215-new.testdev.mozaik.com\/wp-content\/uploads\/2023\/10\/pin-svg.svg\",\"contentUrl\":\"https:\/\/gmb14215-new.testdev.mozaik.com\/wp-content\/uploads\/2023\/10\/pin-svg.svg\",\"width\":512,\"height\":512,\"caption\":\"Golden Milos Beach House\"},\"image\":{\"@id\":\"https:\/\/gmb14215-new.testdev.mozaik.com\/hr\/#\/schema\/logo\/image\/\"}}]}<\/script>\n<!-- \/ Yoast SEO plugin. -->","yoast_head_json":{"title":"Wellness i do\u017eivljaji | Golden Milos Beach House","description":"Prona\u0111ite svoj unutarnji mir uz jutarnje i ve\u010dernje satove joge, smje\u0161tene nasuprot zadivljuju\u0107e pozadine Egejskog mora.","robots":{"index":"noindex","follow":"follow","max-snippet":"max-snippet:-1","max-image-preview":"max-image-preview:large","max-video-preview":"max-video-preview:-1"},"og_locale":"hr_HR","og_type":"article","og_title":"Wellness i do\u017eivljaji | Golden Milos Beach House","og_description":"Prona\u0111ite svoj unutarnji mir uz jutarnje i ve\u010dernje satove joge, smje\u0161tene nasuprot zadivljuju\u0107e pozadine Egejskog mora.","og_url":"https:\/\/gmb14215-new.testdev.mozaik.com\/hr\/wellness-i-dozivljaji\/","og_site_name":"Golden Milos Beach House","og_image":[{"width":1200,"height":675,"url":"https:\/\/gmb14215-new.testdev.mozaik.com\/wp-content\/uploads\/2025\/04\/the-beach-3.jpg","type":"image\/jpeg"}],"twitter_card":"summary_large_image","schema":{"@context":"https:\/\/schema.org","@graph":[{"@type":"WebPage","@id":"https:\/\/gmb14215-new.testdev.mozaik.com\/hr\/wellness-i-dozivljaji\/","url":"https:\/\/gmb14215-new.testdev.mozaik.com\/hr\/wellness-i-dozivljaji\/","name":"Wellness i do\u017eivljaji | Golden Milos Beach House","isPartOf":{"@id":"https:\/\/gmb14215-new.testdev.mozaik.com\/hr\/#website"},"datePublished":"2025-03-13T12:56:18+00:00","description":"Prona\u0111ite svoj unutarnji mir uz jutarnje i ve\u010dernje satove joge, smje\u0161tene nasuprot zadivljuju\u0107e pozadine Egejskog mora.","breadcrumb":{"@id":"https:\/\/gmb14215-new.testdev.mozaik.com\/hr\/wellness-i-dozivljaji\/#breadcrumb"},"inLanguage":"hr","potentialAction":[{"@type":"ReadAction","target":["https:\/\/gmb14215-new.testdev.mozaik.com\/hr\/wellness-i-dozivljaji\/"]}]},{"@type":"BreadcrumbList","@id":"https:\/\/gmb14215-new.testdev.mozaik.com\/hr\/wellness-i-dozivljaji\/#breadcrumb","itemListElement":[{"@type":"ListItem","position":1,"name":"Home","item":"https:\/\/gmb14215-new.testdev.mozaik.com\/hr\/pocetna-stranica\/"},{"@type":"ListItem","position":2,"name":"Wellness i do\u017eivljaji"}]},{"@type":"WebSite","@id":"https:\/\/gmb14215-new.testdev.mozaik.com\/hr\/#website","url":"https:\/\/gmb14215-new.testdev.mozaik.com\/hr\/","name":"Golden Milos Beach House","description":"","publisher":{"@id":"https:\/\/gmb14215-new.testdev.mozaik.com\/hr\/#organization"},"potentialAction":[{"@type":"SearchAction","target":{"@type":"EntryPoint","urlTemplate":"https:\/\/gmb14215-new.testdev.mozaik.com\/hr\/?s={search_term_string}"},"query-input":{"@type":"PropertyValueSpecification","valueRequired":true,"valueName":"search_term_string"}}],"inLanguage":"hr"},{"@type":"Organization","@id":"https:\/\/gmb14215-new.testdev.mozaik.com\/hr\/#organization","name":"Golden Milos Beach House","url":"https:\/\/gmb14215-new.testdev.mozaik.com\/hr\/","logo":{"@type":"ImageObject","inLanguage":"hr","@id":"https:\/\/gmb14215-new.testdev.mozaik.com\/hr\/#\/schema\/logo\/image\/","url":"https:\/\/gmb14215-new.testdev.mozaik.com\/wp-content\/uploads\/2023\/10\/pin-svg.svg","contentUrl":"https:\/\/gmb14215-new.testdev.mozaik.com\/wp-content\/uploads\/2023\/10\/pin-svg.svg","width":512,"height":512,"caption":"Golden Milos Beach House"},"image":{"@id":"https:\/\/gmb14215-new.testdev.mozaik.com\/hr\/#\/schema\/logo\/image\/"}}]}},"_links":{"self":[{"href":"https:\/\/gmb14215-new.testdev.mozaik.com\/hr\/wp-json\/wp\/v2\/pages\/1573","targetHints":{"allow":["GET"]}}],"collection":[{"href":"https:\/\/gmb14215-new.testdev.mozaik.com\/hr\/wp-json\/wp\/v2\/pages"}],"about":[{"href":"https:\/\/gmb14215-new.testdev.mozaik.com\/hr\/wp-json\/wp\/v2\/types\/page"}],"author":[{"embeddable":true,"href":"https:\/\/gmb14215-new.testdev.mozaik.com\/hr\/wp-json\/wp\/v2\/users\/1"}],"replies":[{"embeddable":true,"href":"https:\/\/gmb14215-new.testdev.mozaik.com\/hr\/wp-json\/wp\/v2\/comments?post=1573"}],"version-history":[{"count":0,"href":"https:\/\/gmb14215-new.testdev.mozaik.com\/hr\/wp-json\/wp\/v2\/pages\/1573\/revisions"}],"wp:attachment":[{"href":"https:\/\/gmb14215-new.testdev.mozaik.com\/hr\/wp-json\/wp\/v2\/media?parent=1573"}],"curies":[{"name":"wp","href":"https:\/\/api.w.org\/{rel}","templated":true}]}}